{"id":403,"date":"2023-01-26T14:17:50","date_gmt":"2023-01-26T16:17:50","guid":{"rendered":"https:\/\/www.voarteatrodebonecos.com.br\/ciateatro\/?page_id=403"},"modified":"2023-01-26T14:20:24","modified_gmt":"2023-01-26T16:20:24","slug":"bdb-cultural","status":"publish","type":"page","link":"https:\/\/www.voarteatrodebonecos.com.br\/ciateatro\/?page_id=403","title":{"rendered":"BDB Cultural"},"content":{"rendered":"\n<div class=\"wp-block-themeisle-blocks-advanced-columns has-1-columns has-desktop-equal-layout has-tablet-equal-layout has-mobile-equal-layout has-default-gap has-vertical-unset\" id=\"wp-block-themeisle-blocks-advanced-columns-93607cbd\"><div class=\"wp-block-themeisle-blocks-advanced-columns-overlay\"><\/div><div class=\"innerblocks-wrap\">\n<div class=\"wp-block-themeisle-blocks-advanced-column\" id=\"wp-block-themeisle-blocks-advanced-column-47405e46\">\n<p class=\"has-medium-font-size\"><strong><span style=\"color:#61accc\" class=\"has-inline-color\">MORSC \u2013 Marco Regulat\u00f3rio das Organiza\u00e7\u00f5es da Sociedade Civil<\/span><\/strong><\/p>\n\n\n\n<p><\/p>\n\n\n\n<p>CNPJ: 01.601.749\/0001-57\u00a0<\/p>\n\n\n\n<div class=\"wp-block-image\"><figure class=\"aligncenter size-large\"><img decoding=\"async\" loading=\"lazy\" width=\"1024\" height=\"148\" src=\"https:\/\/www.voarteatrodebonecos.com.br\/ciateatro\/wp-content\/uploads\/2023\/01\/logo_CIAVOAR-3-1024x148.png\" alt=\"\" class=\"wp-image-404\" srcset=\"https:\/\/www.voarteatrodebonecos.com.br\/ciateatro\/wp-content\/uploads\/2023\/01\/logo_CIAVOAR-3-1024x148.png 1024w, https:\/\/www.voarteatrodebonecos.com.br\/ciateatro\/wp-content\/uploads\/2023\/01\/logo_CIAVOAR-3-300x43.png 300w, https:\/\/www.voarteatrodebonecos.com.br\/ciateatro\/wp-content\/uploads\/2023\/01\/logo_CIAVOAR-3-768x111.png 768w, https:\/\/www.voarteatrodebonecos.com.br\/ciateatro\/wp-content\/uploads\/2023\/01\/logo_CIAVOAR-3.png 1332w\" sizes=\"(max-width: 1024px) 100vw, 1024px\" \/><\/figure><\/div>\n<\/div>\n<\/div><\/div>\n\n\n\n<p class=\"has-text-align-left\"><strong>Divulga\u00e7\u00e3o de informa\u00e7\u00f5es do fomento conforme<br>DECRETO N\u00ba 8.726\/2016, ART. 80<\/strong><br>Termo de Colabora\u00e7\u00e3o para execu\u00e7\u00e3o da programa\u00e7\u00e3o cultural para a<br>Biblioteca Demonstrativa do Brasil Maria da Concei\u00e7\u00e3o Moreira Salles.<br>Proponente: CNPJ 01.601.749\/0001-57 &#8211; COMPANHIA VOAR ARTE PARA INFANCIA E JUVENTUDE<br>Fundamento Legal: Lei n\u00ba 13.019, de 31 de julho de 2014<br>\u00d3rg\u00e3o 54000 &#8211; MINISTERIO DO TURISMO<br>N\u00famero do Conv\u00eanio: 905008\/2020<br>N\u00famero do Processo: 0072031.013166\/2020-91<\/p>\n\n\n\n<ol><li>data de assinatura: 17\/12\/2020<\/li><li>nome da organiza\u00e7\u00e3o da sociedade civil e seu n\u00famero de inscri\u00e7\u00e3o no Cadastro Nacional da Pessoa<br>Jur\u00eddica &#8211; CNPJ : 01.601.749\/0001-57 &#8211; COMPANHIA VOAR ARTE PARA INFANCIA E JUVENTUDE<\/li><li>descri\u00e7\u00e3o do objeto da parceria: Termo de Colabora\u00e7\u00e3o para execu\u00e7\u00e3o da programa\u00e7\u00e3o cultural para a<br>Biblioteca Demonstrativa do Brasil Maria da Concei\u00e7\u00e3o Moreira Salles.<\/li><li>valor total da parceria: R$ 1.451.996,00<\/li><li>data prevista para presta\u00e7\u00e3o de contas: 17\/03\/2023<\/li><li>Valor da contrapartida de bens e servi\u00e7os: R$ 48.750,00<br>Integrantes da equipe de trabalho fun\u00e7\u00f5es e remunera\u00e7\u00f5es:<br>Marcos Linhares \u2013 Coordenador geral \u2013 R$ 4.000,00<br>Marco Augusto \u2013 Coordenador de produ\u00e7\u00e3o R$ 3.000,00<br>Mariana Fernandes \u2013 Diretora de produ\u00e7\u00e3o \u2013 R$ 3.000,00<br>Bruna Presmic \u2013 Coordenadora de atividades digitais &#8211; R$ 3.000,00<br>Fabiano \u2013 Coordenador de atividades formativas &#8211; R$ 3.000,00<br>Francisco Cunha \u2013 Coordenador t\u00e9cnico &#8211; R$ 3.000,00<br>Juliano Batalha \u2013 Designer gr\u00e1fico \u2013 R$ 2.500,00<br>Bruno Bucis &#8211; Coordenador de comunica\u00e7\u00e3o &#8211; R$ 2.500,00<br>Pena Branca Filmes \u2013 Edi\u00e7\u00e3o de v\u00eddeo &#8211; R$ 2.500,00<br>Tutano Estrat\u00e9gia e Performance \u2013 Web Designer R$ 1.800,00<br>Regiane Alves Almeida \u2013 Int\u00e9rprete em Libras \u2013 R$ 1.800,00<br>Gustavo Cordeiro \u2013 Social m\u00eddia &#8211; R$ 1.800,00<br>Gilmar Dias (Ramlig Said) \u2013 Assistente de produ\u00e7\u00e3o &#8211; R$ 1.500,00<br>Operador de C\u00e2mera e v\u00eddeo: Fred Fernandes 1.500,00<br>Alessandra Barros \u2013 Curadora de artes c\u00eanicas \u2013 R$ 1.500,00<br>Marcos Farias \u2013 Curador musical &#8211; R$ 1.500,00<br>Juarez Leite \u2013 Curador de artes pl\u00e1sticas &#8211; R$ 1.500,00<br>Tagore Alegria \u2013 Curador liter\u00e1rio \u2013 R$ 1.500,00<br>Planador Produ\u00e7\u00f5es \u2013 Curaodor de Audio Visual \u2013 R$ 1.500,00<br>Lucas Rezende \u2013 Fot\u00f3grafia &#8211; R$ 1.500,00<br>Rafael Rezende &#8211; Operador de luz &#8211; R$ 1.500,00<\/li><\/ol>\n\n\n\n<figure class=\"wp-block-image size-large\"><img decoding=\"async\" loading=\"lazy\" width=\"915\" height=\"108\" src=\"https:\/\/www.voarteatrodebonecos.com.br\/ciateatro\/wp-content\/uploads\/2023\/01\/logo_CIAVOAR-3_rodape.png\" alt=\"\" class=\"wp-image-405\" srcset=\"https:\/\/www.voarteatrodebonecos.com.br\/ciateatro\/wp-content\/uploads\/2023\/01\/logo_CIAVOAR-3_rodape.png 915w, https:\/\/www.voarteatrodebonecos.com.br\/ciateatro\/wp-content\/uploads\/2023\/01\/logo_CIAVOAR-3_rodape-300x35.png 300w, https:\/\/www.voarteatrodebonecos.com.br\/ciateatro\/wp-content\/uploads\/2023\/01\/logo_CIAVOAR-3_rodape-768x91.png 768w\" sizes=\"(max-width: 915px) 100vw, 915px\" \/><\/figure>\n\n\n\n<p><a href=\"https:\/\/www.voarteatrodebonecos.com.br\/ciateatro\/wp-content\/uploads\/2023\/01\/BDB-Banner-Divulgacao-de-informacoes-do-fomento-BDB-2023.pdf\">Termo de Colabora\u00e7\u00e3o para execu\u00e7\u00e3o da programa\u00e7\u00e3o cultural para a<br>Biblioteca Demonstrativa do Brasil Maria da Concei\u00e7\u00e3o Moreira Salles &#8211; PDF<\/a><\/p>\n","protected":false},"excerpt":{"rendered":"<p>Divulga\u00e7\u00e3o de informa\u00e7\u00f5es do fomento conformeDECRETO N\u00ba 8.726\/2016, ART. 80Termo de Colabora\u00e7\u00e3o para execu\u00e7\u00e3o da programa\u00e7\u00e3o cultural para aBiblioteca Demonstrativa do Brasil Maria da Concei\u00e7\u00e3o Moreira Salles.Proponente: CNPJ 01.601.749\/0001-57 &#8211; COMPANHIA VOAR ARTE PARA INFANCIA E JUVENTUDEFundamento Legal: Lei n\u00ba 13.019, de 31 de julho de 2014\u00d3rg\u00e3o 54000 &#8211; MINISTERIO [&hellip;]<\/p>\n","protected":false},"author":1,"featured_media":0,"parent":0,"menu_order":0,"comment_status":"closed","ping_status":"closed","template":"","meta":{"ngg_post_thumbnail":0},"_links":{"self":[{"href":"https:\/\/www.voarteatrodebonecos.com.br\/ciateatro\/index.php?rest_route=\/wp\/v2\/pages\/403"}],"collection":[{"href":"https:\/\/www.voarteatrodebonecos.com.br\/ciateatro\/index.php?rest_route=\/wp\/v2\/pages"}],"about":[{"href":"https:\/\/www.voarteatrodebonecos.com.br\/ciateatro\/index.php?rest_route=\/wp\/v2\/types\/page"}],"author":[{"embeddable":true,"href":"https:\/\/www.voarteatrodebonecos.com.br\/ciateatro\/index.php?rest_route=\/wp\/v2\/users\/1"}],"replies":[{"embeddable":true,"href":"https:\/\/www.voarteatrodebonecos.com.br\/ciateatro\/index.php?rest_route=%2Fwp%2Fv2%2Fcomments&post=403"}],"version-history":[{"count":2,"href":"https:\/\/www.voarteatrodebonecos.com.br\/ciateatro\/index.php?rest_route=\/wp\/v2\/pages\/403\/revisions"}],"predecessor-version":[{"id":408,"href":"https:\/\/www.voarteatrodebonecos.com.br\/ciateatro\/index.php?rest_route=\/wp\/v2\/pages\/403\/revisions\/408"}],"wp:attachment":[{"href":"https:\/\/www.voarteatrodebonecos.com.br\/ciateatro\/index.php?rest_route=%2Fwp%2Fv2%2Fmedia&parent=403"}],"curies":[{"name":"wp","href":"https:\/\/api.w.org\/{rel}","templated":true}]}}