{"id":381,"date":"2023-01-26T13:19:02","date_gmt":"2023-01-26T15:19:02","guid":{"rendered":"https:\/\/www.voarteatrodebonecos.com.br\/ciateatro\/?page_id=381"},"modified":"2023-01-26T14:08:18","modified_gmt":"2023-01-26T16:08:18","slug":"morsc-marco-regulatorio-das-organizacoes-da-sociedade-civil","status":"publish","type":"page","link":"https:\/\/www.voarteatrodebonecos.com.br\/ciateatro\/?page_id=381","title":{"rendered":"Semin\u00e1rio nacional de teatro de bonecos"},"content":{"rendered":"\n<div class=\"wp-block-themeisle-blocks-advanced-columns has-1-columns has-desktop-equal-layout has-tablet-equal-layout has-mobile-equal-layout has-default-gap has-vertical-unset\" id=\"wp-block-themeisle-blocks-advanced-columns-bf0cc528\"><div class=\"wp-block-themeisle-blocks-advanced-columns-overlay\"><\/div><div class=\"innerblocks-wrap\">\n<div class=\"wp-block-themeisle-blocks-advanced-column\" id=\"wp-block-themeisle-blocks-advanced-column-e4975e81\">\n<div class=\"wp-block-image\"><figure class=\"aligncenter size-large\"><img decoding=\"async\" loading=\"lazy\" width=\"372\" height=\"245\" src=\"https:\/\/www.voarteatrodebonecos.com.br\/ciateatro\/wp-content\/uploads\/2023\/01\/logo_CIAVOAR-2.png\" alt=\"\" class=\"wp-image-401\" srcset=\"https:\/\/www.voarteatrodebonecos.com.br\/ciateatro\/wp-content\/uploads\/2023\/01\/logo_CIAVOAR-2.png 372w, https:\/\/www.voarteatrodebonecos.com.br\/ciateatro\/wp-content\/uploads\/2023\/01\/logo_CIAVOAR-2-300x198.png 300w\" sizes=\"(max-width: 372px) 100vw, 372px\" \/><\/figure><\/div>\n<\/div>\n<\/div><\/div>\n\n\n\n<p>CNPJ: 01.601.749\/0001-57&nbsp;<\/p>\n\n\n\n<p><strong>Divulga\u00e7\u00e3o de informa\u00e7\u00f5es do fomento conforme DECRETO N\u00ba&nbsp; 8.726\/2016, ART. 80&nbsp;<\/strong><\/p>\n\n\n\n<p><strong>Semin\u00e1rio nacional de teatro de bonecos&nbsp;<\/strong><\/p>\n\n\n\n<p>Proponente: CNPJ 01.601.749\/0001-57 &#8211; COMPANHIA VOAR ARTE PARA INFANCIA E&nbsp; JUVENTUDE&nbsp;<\/p>\n\n\n\n<p>Fundamento Legal: LEI N\u00ba 13.019, DE 31 DE JULHO DE 2014 e DECRETO n\u00ba 8.726, DE 27 DE&nbsp; ABRIL DE 2016.&nbsp;<\/p>\n\n\n\n<p>\u00d3rg\u00e3o 54000 &#8211; MINISTERIO DO TURISMO&nbsp;<\/p>\n\n\n\n<p>\u00d3rg\u00e3o Vinculado: 20412 &#8211; FUNDACAO NACIONAL DE ARTES&nbsp;<\/p>\n\n\n\n<p>N\u00famero do Conv\u00eanio: 903970\/2020&nbsp;<\/p>\n\n\n\n<p>N\u00famero do Processo: 01530.000494\/2020-59&nbsp;<\/p>\n\n\n\n<p>1. data de assinatura: 18\/12\/2020&nbsp;<\/p>\n\n\n\n<p>2. nome da organiza\u00e7\u00e3o da sociedade civil e seu n\u00famero de inscri\u00e7\u00e3o no&nbsp;&nbsp;<\/p>\n\n\n\n<p>Cadastro Nacional da Pessoa Jur\u00eddica &#8211; CNPJ : CNPJ 01.601.749\/0001-57 &#8211; COMPANHIA VOAR&nbsp; ARTE PARA INFANCIA E JUVENTUDE&nbsp;<\/p>\n\n\n\n<p>3. descri\u00e7\u00e3o do objeto da parceria: Semin\u00e1rio Nacional de Teatro de Bonecos. 4. valor total da parceria: R$ 120.000,00&nbsp;<\/p>\n\n\n\n<p>5. data prevista para presta\u00e7\u00e3o de contas: 20\/10\/2022&nbsp;<\/p>\n\n\n\n<p>6. valor total da remunera\u00e7\u00e3o da equipe de trabalho: R$ 17.400,00&nbsp;<\/p>\n\n\n\n<p>Integrantes da equipe de trabalho fun\u00e7\u00f5es e remunera\u00e7\u00f5es:&nbsp;<\/p>\n\n\n\n<p>Marcos Linhares: coordenador de comunica\u00e7\u00e3o: R$ 3.000,00&nbsp;<\/p>\n\n\n\n<p>Planador produ\u00e7\u00f5es: Divulgador em redes sociais: R$ 1.090,00&nbsp;<\/p>\n\n\n\n<p>Fabiano figueiredo: web designer cria\u00e7\u00e3o do site de divulga\u00e7\u00e3o: R$ 2.000,00 Alessandra Barros: Assistente de Produ\u00e7\u00e3o R$ 2.000,00&nbsp;<\/p>\n\n\n\n<p>Gilmar Dias: Assistente de Produ\u00e7\u00e3o R$ 2.000,00&nbsp;<\/p>\n\n\n\n<p>Liam Christopher: Audio descri\u00e7\u00e3o R$ 2.500,00<\/p>\n\n\n\n<p>CNPJ: 01.601.749\/0001-57&nbsp;<\/p>\n\n\n\n<p>Marco Augusto Coordenador de Produ\u00e7\u00e3o R$ 4.500,00 Mariana Fernandes Diretora de Produ\u00e7\u00e3o R$ 5.400,00 JH produ\u00e7\u00f5es: Registro videogr\u00e1fico Registro R$ 6.000,00 Francisco cunha operador de som R$ 2.400,00&nbsp;<\/p>\n\n\n\n<p>Jo\u00e3o Veloso: Coordenador t\u00e9cnico R$ 5.000,00 Marco Augusto curador R$ 2.600,00&nbsp;<\/p>\n\n\n\n<p>Regiane Alves int\u00e9rprete em libras: R$ 2.000,00<\/p>\n\n\n\n<p><a rel=\"noreferrer noopener\" href=\"https:\/\/www.voarteatrodebonecos.com.br\/ciateatro\/wp-content\/uploads\/2023\/01\/Divulgacao-de-informacoes-do-fomento-conforme-DECRETO-8.726-2016-ART.-80-seminario-nacional-de-teatro-de-bonecos-FUNARTE-.pdf\" target=\"_blank\">Semin\u00e1rio nacional de teatro de bonecos &#8211; PDF<\/a><\/p>\n","protected":false},"excerpt":{"rendered":"<p>CNPJ: 01.601.749\/0001-57&nbsp; Divulga\u00e7\u00e3o de informa\u00e7\u00f5es do fomento conforme DECRETO N\u00ba&nbsp; 8.726\/2016, ART. 80&nbsp; Semin\u00e1rio nacional de teatro de bonecos&nbsp; Proponente: CNPJ 01.601.749\/0001-57 &#8211; COMPANHIA VOAR ARTE PARA INFANCIA E&nbsp; JUVENTUDE&nbsp; Fundamento Legal: LEI N\u00ba 13.019, DE 31 DE JULHO DE 2014 e DECRETO n\u00ba 8.726, DE 27 DE&nbsp; ABRIL DE [&hellip;]<\/p>\n","protected":false},"author":1,"featured_media":0,"parent":0,"menu_order":0,"comment_status":"closed","ping_status":"closed","template":"","meta":{"ngg_post_thumbnail":0},"_links":{"self":[{"href":"https:\/\/www.voarteatrodebonecos.com.br\/ciateatro\/index.php?rest_route=\/wp\/v2\/pages\/381"}],"collection":[{"href":"https:\/\/www.voarteatrodebonecos.com.br\/ciateatro\/index.php?rest_route=\/wp\/v2\/pages"}],"about":[{"href":"https:\/\/www.voarteatrodebonecos.com.br\/ciateatro\/index.php?rest_route=\/wp\/v2\/types\/page"}],"author":[{"embeddable":true,"href":"https:\/\/www.voarteatrodebonecos.com.br\/ciateatro\/index.php?rest_route=\/wp\/v2\/users\/1"}],"replies":[{"embeddable":true,"href":"https:\/\/www.voarteatrodebonecos.com.br\/ciateatro\/index.php?rest_route=%2Fwp%2Fv2%2Fcomments&post=381"}],"version-history":[{"count":9,"href":"https:\/\/www.voarteatrodebonecos.com.br\/ciateatro\/index.php?rest_route=\/wp\/v2\/pages\/381\/revisions"}],"predecessor-version":[{"id":402,"href":"https:\/\/www.voarteatrodebonecos.com.br\/ciateatro\/index.php?rest_route=\/wp\/v2\/pages\/381\/revisions\/402"}],"wp:attachment":[{"href":"https:\/\/www.voarteatrodebonecos.com.br\/ciateatro\/index.php?rest_route=%2Fwp%2Fv2%2Fmedia&parent=381"}],"curies":[{"name":"wp","href":"https:\/\/api.w.org\/{rel}","templated":true}]}}