{"id":365,"date":"2022-07-27T09:32:01","date_gmt":"2022-07-27T12:32:01","guid":{"rendered":"https:\/\/www.voarteatrodebonecos.com.br\/ciateatro\/?page_id=365"},"modified":"2023-01-26T14:36:32","modified_gmt":"2023-01-26T16:36:32","slug":"parcerias","status":"publish","type":"page","link":"https:\/\/www.voarteatrodebonecos.com.br\/ciateatro\/?page_id=365","title":{"rendered":"Parcerias"},"content":{"rendered":"\n<p class=\"has-medium-font-size\"><strong><span style=\"color:#61accc\" class=\"has-inline-color\">MORSC \u2013 Marco Regulat\u00f3rio das Organiza\u00e7\u00f5es da Sociedade Civil<\/span><\/strong><\/p>\n\n\n\n<p><\/p>\n\n\n\n<p>CNPJ: 01.601.749\/0001-57&nbsp;<\/p>\n\n\n\n<p><\/p>\n\n\n\n<p><strong>Divulga\u00e7\u00e3o de informa\u00e7\u00f5es do fomento conforme DECRETO N\u00ba\u00a0 8.726\/2016, ART. 80\u00a0<\/strong><\/p>\n\n\n\n<p><strong>Semin\u00e1rio nacional de teatro de bonecos&nbsp;<\/strong><\/p>\n\n\n\n<p>Proponente: CNPJ 01.601.749\/0001-57 &#8211; COMPANHIA VOAR ARTE PARA INFANCIA E&nbsp; JUVENTUDE&nbsp;<\/p>\n\n\n\n<p>Fundamento Legal: LEI N\u00ba 13.019, DE 31 DE JULHO DE 2014 e DECRETO n\u00ba 8.726, DE 27 DE&nbsp; ABRIL DE 2016.&nbsp;<\/p>\n\n\n\n<p>\u00d3rg\u00e3o 54000 &#8211; MINISTERIO DO TURISMO&nbsp;<\/p>\n\n\n\n<p>\u00d3rg\u00e3o Vinculado: 20412 &#8211; FUNDACAO NACIONAL DE ARTES&nbsp;<\/p>\n\n\n\n<p>N\u00famero do Conv\u00eanio: 903970\/2020&nbsp;<\/p>\n\n\n\n<p>N\u00famero do Processo: 01530.000494\/2020-59&nbsp;<\/p>\n\n\n\n<p>1. data de assinatura: 18\/12\/2020&nbsp;<\/p>\n\n\n\n<p>2. nome da organiza\u00e7\u00e3o da sociedade civil e seu n\u00famero de inscri\u00e7\u00e3o no&nbsp;&nbsp;<\/p>\n\n\n\n<p>Cadastro Nacional da Pessoa Jur\u00eddica &#8211; CNPJ : CNPJ 01.601.749\/0001-57 &#8211; COMPANHIA VOAR&nbsp; ARTE PARA INFANCIA E JUVENTUDE&nbsp;<\/p>\n\n\n\n<p>3. descri\u00e7\u00e3o do objeto da parceria: Semin\u00e1rio Nacional de Teatro de Bonecos. 4. valor total da parceria: R$ 120.000,00&nbsp;<\/p>\n\n\n\n<p>5. data prevista para presta\u00e7\u00e3o de contas: 20\/10\/2022&nbsp;<\/p>\n\n\n\n<p>6. valor total da remunera\u00e7\u00e3o da equipe de trabalho: R$ 17.400,00&nbsp;<\/p>\n\n\n\n<p>Integrantes da equipe de trabalho fun\u00e7\u00f5es e remunera\u00e7\u00f5es:&nbsp;<\/p>\n\n\n\n<p>Marcos Linhares: coordenador de comunica\u00e7\u00e3o: R$ 3.000,00&nbsp;<\/p>\n\n\n\n<p>Planador produ\u00e7\u00f5es: Divulgador em redes sociais: R$ 1.090,00&nbsp;<\/p>\n\n\n\n<p>Fabiano figueiredo: web designer cria\u00e7\u00e3o do site de divulga\u00e7\u00e3o: R$ 2.000,00 Alessandra Barros: Assistente de Produ\u00e7\u00e3o R$ 2.000,00&nbsp;<\/p>\n\n\n\n<p>Gilmar Dias: Assistente de Produ\u00e7\u00e3o R$ 2.000,00&nbsp;<\/p>\n\n\n\n<p>Liam Christopher: Audio descri\u00e7\u00e3o R$ 2.500,00<\/p>\n\n\n\n<p>CNPJ: 01.601.749\/0001-57&nbsp;<\/p>\n\n\n\n<p>Marco Augusto Coordenador de Produ\u00e7\u00e3o R$ 4.500,00 Mariana Fernandes Diretora de Produ\u00e7\u00e3o R$ 5.400,00 JH produ\u00e7\u00f5es: Registro videogr\u00e1fico Registro R$ 6.000,00 Francisco cunha operador de som R$ 2.400,00&nbsp;<\/p>\n\n\n\n<p>Jo\u00e3o Veloso: Coordenador t\u00e9cnico R$ 5.000,00 Marco Augusto curador R$ 2.600,00&nbsp;<\/p>\n\n\n\n<p>Regiane Alves int\u00e9rprete em libras: R$ 2.000,00<\/p>\n\n\n\n<p><strong><span class=\"has-inline-color has-header-gradient-color\">PARCERIAS<\/span><\/strong><\/p>\n\n\n\n<p><a href=\"https:\/\/www.voarteatrodebonecos.com.br\/ciateatro\/?page_id=403\">&#8211; Termo de Colabora\u00e7\u00e3o para execu\u00e7\u00e3o da programa\u00e7\u00e3o cultural para a<br>Biblioteca Demonstrativa do Brasil Maria da Concei\u00e7\u00e3o Moreira Salles<\/a><\/p>\n\n\n\n<p><a rel=\"noreferrer noopener\" href=\"https:\/\/www.voarteatrodebonecos.com.br\/ciateatro\/?page_id=381\" target=\"_blank\" data-type=\"URL\" data-id=\"https:\/\/www.voarteatrodebonecos.com.br\/ciateatro\/?page_id=381\">&#8211; Semin\u00e1rio nacional de teatro de bonecos<\/a><\/p>\n","protected":false},"excerpt":{"rendered":"<p>MORSC \u2013 Marco Regulat\u00f3rio das Organiza\u00e7\u00f5es da Sociedade Civil CNPJ: 01.601.749\/0001-57&nbsp; Divulga\u00e7\u00e3o de informa\u00e7\u00f5es do fomento conforme DECRETO N\u00ba\u00a0 8.726\/2016, ART. 80\u00a0 Semin\u00e1rio nacional de teatro de bonecos&nbsp; Proponente: CNPJ 01.601.749\/0001-57 &#8211; COMPANHIA VOAR ARTE PARA INFANCIA E&nbsp; JUVENTUDE&nbsp; Fundamento Legal: LEI N\u00ba 13.019, DE 31 DE JULHO DE 2014 [&hellip;]<\/p>\n","protected":false},"author":1,"featured_media":0,"parent":0,"menu_order":0,"comment_status":"closed","ping_status":"closed","template":"","meta":{"ngg_post_thumbnail":0},"_links":{"self":[{"href":"https:\/\/www.voarteatrodebonecos.com.br\/ciateatro\/index.php?rest_route=\/wp\/v2\/pages\/365"}],"collection":[{"href":"https:\/\/www.voarteatrodebonecos.com.br\/ciateatro\/index.php?rest_route=\/wp\/v2\/pages"}],"about":[{"href":"https:\/\/www.voarteatrodebonecos.com.br\/ciateatro\/index.php?rest_route=\/wp\/v2\/types\/page"}],"author":[{"embeddable":true,"href":"https:\/\/www.voarteatrodebonecos.com.br\/ciateatro\/index.php?rest_route=\/wp\/v2\/users\/1"}],"replies":[{"embeddable":true,"href":"https:\/\/www.voarteatrodebonecos.com.br\/ciateatro\/index.php?rest_route=%2Fwp%2Fv2%2Fcomments&post=365"}],"version-history":[{"count":17,"href":"https:\/\/www.voarteatrodebonecos.com.br\/ciateatro\/index.php?rest_route=\/wp\/v2\/pages\/365\/revisions"}],"predecessor-version":[{"id":1720,"href":"https:\/\/www.voarteatrodebonecos.com.br\/ciateatro\/index.php?rest_route=\/wp\/v2\/pages\/365\/revisions\/1720"}],"wp:attachment":[{"href":"https:\/\/www.voarteatrodebonecos.com.br\/ciateatro\/index.php?rest_route=%2Fwp%2Fv2%2Fmedia&parent=365"}],"curies":[{"name":"wp","href":"https:\/\/api.w.org\/{rel}","templated":true}]}}