{"id":26,"date":"2019-11-07T18:41:19","date_gmt":"2019-11-07T20:41:19","guid":{"rendered":"https:\/\/www.voarteatrodebonecos.com.br\/ciateatro\/?page_id=26"},"modified":"2020-04-19T08:45:53","modified_gmt":"2020-04-19T11:45:53","slug":"quem-somos","status":"publish","type":"page","link":"https:\/\/www.voarteatrodebonecos.com.br\/ciateatro\/?page_id=26","title":{"rendered":"Quem Somos"},"content":{"rendered":"\n<div class=\"wp-block-themeisle-blocks-advanced-columns has-1-columns has-desktop-equal-layout has-tablet-equal-layout has-mobile-equal-layout has-default-gap has-vertical-unset\" id=\"wp-block-themeisle-blocks-advanced-columns-b99737ad\"><div class=\"wp-block-themeisle-blocks-advanced-columns-overlay\"><\/div><div class=\"innerblocks-wrap\">\n<div class=\"wp-block-themeisle-blocks-advanced-column\" id=\"wp-block-themeisle-blocks-advanced-column-3e905a1a\">\n<p>A <strong>CIA VOAR TEATRO DE BONECOS<\/strong> foi fundada no ano de 2003 por Marco Augusto, diretor e bonequeiro. A institui\u00e7\u00e3o tem como proposta o estudo e a pr\u00e1tica do teatro de bonecos, levando em conta a sua tradi\u00e7\u00e3o e inova\u00e7\u00f5es, visando compartilhar suas experi\u00eancias atrav\u00e9s de oficinas e a\u00e7\u00f5es s\u00f3cio culturais. Em 2012 com nove anos de trabalho, conseguiu conquistar a honra de ter se apresentado em todos os estados brasileiros, uma meta atingida atrav\u00e9s de participa\u00e7\u00f5es em importantes festivais e projetos de circula\u00e7\u00e3o, o grupo foi convidado para se apresentar na Espanha e M\u00e9xico, recebeu pr\u00eamios de melhor espet\u00e1culo infantil pelo j\u00fari popular no festival de teatro de Americana SP, melhor dire\u00e7\u00e3o e ator no festival de teatro de Gua\u00e7u\u00ed ES, sempre julgado por profissionais de not\u00f3rio saber. Possui mais de 5 espet\u00e1culos em repert\u00f3rio.Criou e produziu os festivais: Festa Latina de Bonequeiros e Brincantes de \u00c1guas lindas de Goi\u00e1s 03 edi\u00e7\u00f5es, Gama FESTINECO Festival de teatro de bonecos do Gama 06 edi\u00e7\u00f5es, FESTIBRA Festival de Teatro para Inf\u00e2ncia de Bras\u00edlia 06 edi\u00e7\u00f5es, Festival ESPETACULIM pequenos espet\u00e1culos de grande qualidade 04 edi\u00e7\u00f5es.<\/p>\n\n\n\n<p><\/p>\n\n\n\n<figure class=\"wp-block-image\"><img decoding=\"async\" loading=\"lazy\" width=\"1024\" height=\"768\" src=\"https:\/\/www.voarteatrodebonecos.com.br\/ciateatro\/wp-content\/uploads\/2019\/11\/nosso_da_vinci_2-1-1024x768.jpg\" alt=\"\" class=\"wp-image-96\" srcset=\"https:\/\/www.voarteatrodebonecos.com.br\/ciateatro\/wp-content\/uploads\/2019\/11\/nosso_da_vinci_2-1-1024x768.jpg 1024w, https:\/\/www.voarteatrodebonecos.com.br\/ciateatro\/wp-content\/uploads\/2019\/11\/nosso_da_vinci_2-1-300x225.jpg 300w, https:\/\/www.voarteatrodebonecos.com.br\/ciateatro\/wp-content\/uploads\/2019\/11\/nosso_da_vinci_2-1-768x576.jpg 768w, https:\/\/www.voarteatrodebonecos.com.br\/ciateatro\/wp-content\/uploads\/2019\/11\/nosso_da_vinci_2-1.jpg 1280w\" sizes=\"(max-width: 1024px) 100vw, 1024px\" \/><\/figure>\n\n\n\n<p>Hist\u00f3rico<\/p>\n\n\n\n<p>A Cia Voar Teatro de Bonecos\nse estruturou em 2003 e nos seus 15 anos de exist\u00eancia, sempre buscou uma\nprofunda pesquisa sobre a linguagem do teatro de bonecos, seu foco principal,\nmas transita em pesquisas musicais e outras linguagens teatrais que acrescentem\nem seus trabalhos. Em sua trajet\u00f3ria de quase dez espet\u00e1culos montados, todos\nabordam assuntos provocativos como a valoriza\u00e7\u00e3o \u00e0s diferen\u00e7as (Espet\u00e1culo Os\nMeninos Verdes), a busca incessante dos objetivos de vida (Jo\u00e3o e o P\u00e9 de\nFeij\u00e3o), a valoriza\u00e7\u00e3o da literatura brasileira e o valor da inf\u00e2ncia (O Menino\nMaluquinho), a morte tratada com leveza e sensatez e tantos outros que provocam\nreflex\u00e3o, sempre de forma criativa e divertida.<\/p>\n\n\n\n<p>A companhia em 2012 com nove\nanos de trabalho, conseguiu conquistar a honra de ter se apresentado em todos\nos estados brasileiros, uma meta atingida atrav\u00e9s de participa\u00e7\u00f5es em importantes\nfestivais e projetos de circula\u00e7\u00e3o. O grupo j\u00e1 se apresentou na&nbsp;Espanha e\nM\u00e9xico, recebeu pr\u00eamios de melhor espet\u00e1culo infantil pelo j\u00fari popular&nbsp;no\nfestival de teatro de Americana\/SP, melhor dire\u00e7\u00e3o e ator no festival de teatro\nde Gua\u00e7u\u00ed\/ES, sempre julgado por profissionais de not\u00f3rio saber. Atualmente\npossui dez espet\u00e1culos em repert\u00f3rio.<\/p>\n<\/div>\n<\/div><\/div>\n","protected":false},"excerpt":{"rendered":"","protected":false},"author":1,"featured_media":40,"parent":0,"menu_order":0,"comment_status":"closed","ping_status":"closed","template":"","meta":{"ngg_post_thumbnail":0},"_links":{"self":[{"href":"https:\/\/www.voarteatrodebonecos.com.br\/ciateatro\/index.php?rest_route=\/wp\/v2\/pages\/26"}],"collection":[{"href":"https:\/\/www.voarteatrodebonecos.com.br\/ciateatro\/index.php?rest_route=\/wp\/v2\/pages"}],"about":[{"href":"https:\/\/www.voarteatrodebonecos.com.br\/ciateatro\/index.php?rest_route=\/wp\/v2\/types\/page"}],"author":[{"embeddable":true,"href":"https:\/\/www.voarteatrodebonecos.com.br\/ciateatro\/index.php?rest_route=\/wp\/v2\/users\/1"}],"replies":[{"embeddable":true,"href":"https:\/\/www.voarteatrodebonecos.com.br\/ciateatro\/index.php?rest_route=%2Fwp%2Fv2%2Fcomments&post=26"}],"version-history":[{"count":3,"href":"https:\/\/www.voarteatrodebonecos.com.br\/ciateatro\/index.php?rest_route=\/wp\/v2\/pages\/26\/revisions"}],"predecessor-version":[{"id":201,"href":"https:\/\/www.voarteatrodebonecos.com.br\/ciateatro\/index.php?rest_route=\/wp\/v2\/pages\/26\/revisions\/201"}],"wp:featuredmedia":[{"embeddable":true,"href":"https:\/\/www.voarteatrodebonecos.com.br\/ciateatro\/index.php?rest_route=\/wp\/v2\/media\/40"}],"wp:attachment":[{"href":"https:\/\/www.voarteatrodebonecos.com.br\/ciateatro\/index.php?rest_route=%2Fwp%2Fv2%2Fmedia&parent=26"}],"curies":[{"name":"wp","href":"https:\/\/api.w.org\/{rel}","templated":true}]}}