{"id":218,"date":"2020-04-19T12:11:43","date_gmt":"2020-04-19T15:11:43","guid":{"rendered":"https:\/\/www.voarteatrodebonecos.com.br\/ciateatro\/?page_id=218"},"modified":"2025-02-21T23:32:10","modified_gmt":"2025-02-22T02:32:10","slug":"missao-visao-e-valores","status":"publish","type":"page","link":"https:\/\/www.voarteatrodebonecos.com.br\/ciateatro\/?page_id=218","title":{"rendered":"Miss\u00e3o, Vis\u00e3o e Valores"},"content":{"rendered":"\n<div class=\"wp-block-themeisle-blocks-advanced-columns has-1-columns has-desktop-equal-layout has-tablet-equal-layout has-mobile-equal-layout has-default-gap has-vertical-unset\" id=\"wp-block-themeisle-blocks-advanced-columns-3501b6f7\"><div class=\"wp-block-themeisle-blocks-advanced-columns-overlay\"><\/div><div class=\"innerblocks-wrap\">\n<div class=\"wp-block-themeisle-blocks-advanced-column\" id=\"wp-block-themeisle-blocks-advanced-column-c7df5777\">\n<p><strong>Miss\u00e3o:<\/strong><\/p>\n<p>O Instituto Voar Cultural \u00e9 uma Associa\u00e7\u00e3o sociocultural art\u00edstica que presta servi\u00e7os de produ\u00e7\u00e3o teatral, audiovisual e de cursos profissionalizantes para o setor de economia criativa no Gama\/DF, em Bras\u00edlia, Brasil e na Am\u00e9rica Latina.&nbsp; Desenvolve atividades de cria\u00e7\u00e3o e produ\u00e7\u00e3o, de espet\u00e1culos, de festivais e curtas-metragens para o p\u00fablico infantil e familiar; bem como fornece cursos para forma\u00e7\u00e3o teatral, musical, tecnol\u00f3gica e empreendedora para entes e agentes socioculturais. Oferece consultoria em elabora\u00e7\u00e3o, produ\u00e7\u00e3o e presta\u00e7\u00e3o de contas de projetos.&nbsp; Destaca-se tamb\u00e9m por pesquisar e criar novos espet\u00e1culos, novas t\u00e9cnicas de confec\u00e7\u00e3o e manipula\u00e7\u00e3o de bonecos c\u00eanicos, sempre orientados pela inova\u00e7\u00e3o. Possui parcerias com outros grupos locais, associa\u00e7\u00f5es e federa\u00e7\u00f5es art\u00edsticas; com a iniciativa privada; com as secretarias distritais de cultura e educa\u00e7\u00e3o, administra\u00e7\u00f5es regionais, e com o governo distrital e federal.<\/p>\n<p><strong>Vis\u00e3o:<\/strong><\/p>\n<p>Ser refer\u00eancia regional e nacional enquanto agente sociocultural que instiga o pensamento cr\u00edtico, reflexivo e inovador em seu p\u00fablico por interm\u00e9dio de cria\u00e7\u00f5es e produ\u00e7\u00f5es culturais, educacionais e empreendedoras, orientada pelo comprometimento da fun\u00e7\u00e3o institucional de inclus\u00e3o social.<\/p>\n<p><strong>Valores:<\/strong><\/p>\n<p> O Instituto Voar Cultural \u00e9 uma associa\u00e7\u00e3o experiente e vision\u00e1ria com valores alinhados \u00e0 Economia Criativa e \u00e0s Pol\u00edticas P\u00fablicas de Educa\u00e7\u00e3o. Destacamos os valores abaixo:<\/p>\n<table class=\"wp-block-table\"><tbody><tr><td>\n  Comprometimento\n  <\/td><td>\n  Inova\u00e7\u00e3o\n  <\/td><\/tr><tr><td>\n  Acolhimento\n  <\/td><td>\n  Prestatividade\n  <\/td><\/tr><tr><td>\n  Inclus\u00e3o\n  <\/td><td>\n  Empreendedorismo\n  <\/td><\/tr><tr><td>\n  Ousadia\n  <\/td><td>\n  Sustentabilidade\n  <\/td><\/tr><tr><td>\n  Criatividade \n  <\/td><td>\n  Economicidade\n  <\/td><\/tr><\/tbody><\/table>\n<p><\/p>\n<p><strong>P\u00fablico de Interesse:<\/strong><\/p>\n<p> O Instituto Voar Cultural nasceu como um grupo de teatro e ainda realiza esta fun\u00e7\u00e3o. Para manterem-se no cen\u00e1rio art\u00edstico de Bras\u00edlia, economicamente, produtiva e socialmente, o grupo desenvolveu outras fun\u00e7\u00f5es, como a de formadora t\u00e9cnica e empreendedora de seus pr\u00f3prios agentes, e, por consequ\u00eancia, de outros grupos tamb\u00e9m. No decorrer do tempo, a fun\u00e7\u00e3o de capta\u00e7\u00e3o de recursos financeiros se mostrou como diferencial da equipe, que acabou por prestar consultorias de capta\u00e7\u00e3o, produ\u00e7\u00e3o e presta\u00e7\u00e3o de contas a outros grupos da cidade. <\/p>\n<p><strong>Dessa maneira, nossos principais grupos de interesse s\u00e3o:<\/strong><\/p>\n<table class=\"wp-block-table\"><tbody><tr><td>\n  <strong>P\u00daBLICO\n  INFANTIL E FAMILIAR<\/strong> que consumam as pe\u00e7as teatrais e festivais art\u00edsticos\n  produzidos pelo grupo;\n  &nbsp;\n  <\/td><\/tr><tr><td>\n  <strong>JOVENS\n  E ADULTOS<\/strong> que busquem capacita\u00e7\u00e3o art\u00edstica, tecnol\u00f3gica e empreendedora;\n  &nbsp;\n  <\/td><\/tr><tr><td>\n  <strong>GRUPOS\n  DE ARTISTAS LOCAIS<\/strong> para fortalecimento m\u00fatuo e troca de experi\u00eancias\n  art\u00edsticas, e o fornecimento de consultorias;\n  &nbsp;\n  <\/td><\/tr><tr><td>\n  <strong>ENTES\n  GOVERNAMENTAIS COMO AS SECRETARIAS DISTRITAIS DE CULTURA E EDUCA\u00c7\u00c3O,\n  ADMINISTRA\u00c7\u00d5ES REGIONAIS, E O GOVERNO DISTRITAL E FEDERAL<\/strong>, para\n  desenvolver parcerias de modo a apoiar e subsidiar recursos para a execu\u00e7\u00e3o\n  dos bens art\u00edsticos e educacionais produzidos pelo grupo;\n  &nbsp;\n  <\/td><\/tr><tr><td>\n  <strong>INICIATIVA\n  PRIVADA<\/strong> diretamente envolvida com valores de a\u00e7\u00e3o social e\n  sustentabilidade, para agregar conhecimento \u00e0 causa educacional e a\u00e7\u00f5es de\n  mecenato;\n  &nbsp;\n  <\/td><\/tr><tr><td>\n  <strong>ASSOCIA\u00c7\u00d5ES\n  E FEDERA\u00c7\u00d5ES ART\u00cdSTICAS E DE EDUCADORES<\/strong> que fortale\u00e7am o cen\u00e1rio da\n  economia criativa nacional para estimul\u00e1-las ao debate construtivo do setor.\n  <\/td><\/tr><\/tbody><\/table>\n<\/div>\n<\/div><\/div>\n","protected":false},"excerpt":{"rendered":"<p>Miss\u00e3o: O Instituto Voar Cultural \u00e9 uma Associa\u00e7\u00e3o sociocultural art\u00edstica que presta servi\u00e7os de produ\u00e7\u00e3o teatral, audiovisual e de cursos profissionalizantes para o setor de economia criativa no Gama\/DF, em Bras\u00edlia, Brasil e na Am\u00e9rica Latina.&nbsp; Desenvolve atividades de cria\u00e7\u00e3o e produ\u00e7\u00e3o, de espet\u00e1culos, de festivais e curtas-metragens para o [&hellip;]<\/p>\n","protected":false},"author":1,"featured_media":220,"parent":0,"menu_order":0,"comment_status":"closed","ping_status":"closed","template":"","meta":{"ngg_post_thumbnail":0},"_links":{"self":[{"href":"https:\/\/www.voarteatrodebonecos.com.br\/ciateatro\/index.php?rest_route=\/wp\/v2\/pages\/218"}],"collection":[{"href":"https:\/\/www.voarteatrodebonecos.com.br\/ciateatro\/index.php?rest_route=\/wp\/v2\/pages"}],"about":[{"href":"https:\/\/www.voarteatrodebonecos.com.br\/ciateatro\/index.php?rest_route=\/wp\/v2\/types\/page"}],"author":[{"embeddable":true,"href":"https:\/\/www.voarteatrodebonecos.com.br\/ciateatro\/index.php?rest_route=\/wp\/v2\/users\/1"}],"replies":[{"embeddable":true,"href":"https:\/\/www.voarteatrodebonecos.com.br\/ciateatro\/index.php?rest_route=%2Fwp%2Fv2%2Fcomments&post=218"}],"version-history":[{"count":5,"href":"https:\/\/www.voarteatrodebonecos.com.br\/ciateatro\/index.php?rest_route=\/wp\/v2\/pages\/218\/revisions"}],"predecessor-version":[{"id":1791,"href":"https:\/\/www.voarteatrodebonecos.com.br\/ciateatro\/index.php?rest_route=\/wp\/v2\/pages\/218\/revisions\/1791"}],"wp:featuredmedia":[{"embeddable":true,"href":"https:\/\/www.voarteatrodebonecos.com.br\/ciateatro\/index.php?rest_route=\/wp\/v2\/media\/220"}],"wp:attachment":[{"href":"https:\/\/www.voarteatrodebonecos.com.br\/ciateatro\/index.php?rest_route=%2Fwp%2Fv2%2Fmedia&parent=218"}],"curies":[{"name":"wp","href":"https:\/\/api.w.org\/{rel}","templated":true}]}}