{"id":1875,"date":"2025-08-07T10:33:33","date_gmt":"2025-08-07T13:33:33","guid":{"rendered":"https:\/\/www.voarteatrodebonecos.com.br\/ciateatro\/?page_id=1875"},"modified":"2025-08-07T11:53:35","modified_gmt":"2025-08-07T14:53:35","slug":"emendas-parlamentares","status":"publish","type":"page","link":"https:\/\/www.voarteatrodebonecos.com.br\/ciateatro\/?page_id=1875","title":{"rendered":"Emendas Parlamentares"},"content":{"rendered":"\n<p><strong>Emendas Parlamentares \u2013 Transpar\u00eancia P\u00fablica<\/strong><\/p>\n\n\n\n<p>Em cumprimento \u00e0s determina\u00e7\u00f5es legais de transpar\u00eancia e controle social, o Instituto Voar Cultural torna p\u00fablicas as informa\u00e7\u00f5es referentes \u00e0s emendas parlamentares recebidas entre os anos de 2020 e 2025.<\/p>\n\n\n\n<p>A planilha dispon\u00edvel para download abaixo apresenta os dados exigidos por lei, incluindo n\u00famero da emenda, valor da parceria, objeto do termo de fomento, situa\u00e7\u00e3o da presta\u00e7\u00e3o de contas, remunera\u00e7\u00e3o da equipe envolvida, e link para a \u00edntegra de cada termo de fomento.<\/p>\n\n\n\n<p>\ud83d\udce5 <strong>Download da Planilha de Emendas Parlamentares (.xlsx)<\/strong><\/p>\n\n\n\n<p>Esta publica\u00e7\u00e3o est\u00e1 em conformidade com o Decreto n\u00ba 7.724\/2012 (Lei de Acesso \u00e0 Informa\u00e7\u00e3o) e ser\u00e1 constantemente atualizada pela equipe da Comiss\u00e3o de Comunica\u00e7\u00e3o do Instituto Voar Cultural.<\/p>\n\n\n\n<div class=\"wp-block-file\"><object class=\"wp-block-file__embed\" data=\"https:\/\/www.voarteatrodebonecos.com.br\/ciateatro\/wp-content\/uploads\/2025\/08\/planilha_projetos-1.pdf\" type=\"application\/pdf\" style=\"width:100%;height:600px\" aria-label=\"Incorporado de planilha_projetos.\"><\/object><a id=\"wp-block-file--media-39579ed4-5345-44e9-ae54-8147c968e585\" href=\"https:\/\/www.voarteatrodebonecos.com.br\/ciateatro\/wp-content\/uploads\/2025\/08\/planilha_projetos-1.pdf\">planilha_projetos<\/a><a href=\"https:\/\/www.voarteatrodebonecos.com.br\/ciateatro\/wp-content\/uploads\/2025\/08\/planilha_projetos-1.pdf\" class=\"wp-block-file__button wp-element-button\" download aria-describedby=\"wp-block-file--media-39579ed4-5345-44e9-ae54-8147c968e585\">Baixar<\/a><\/div>\n","protected":false},"excerpt":{"rendered":"<p>Emendas Parlamentares \u2013 Transpar\u00eancia P\u00fablica Em cumprimento \u00e0s determina\u00e7\u00f5es legais de transpar\u00eancia e controle social, o Instituto Voar Cultural torna p\u00fablicas as informa\u00e7\u00f5es referentes \u00e0s emendas parlamentares recebidas entre os anos de 2020 e 2025. A planilha dispon\u00edvel para download abaixo apresenta os dados exigidos por lei, incluindo n\u00famero da [&hellip;]<\/p>\n","protected":false},"author":1,"featured_media":0,"parent":0,"menu_order":0,"comment_status":"closed","ping_status":"closed","template":"","meta":{"ngg_post_thumbnail":0},"_links":{"self":[{"href":"https:\/\/www.voarteatrodebonecos.com.br\/ciateatro\/index.php?rest_route=\/wp\/v2\/pages\/1875"}],"collection":[{"href":"https:\/\/www.voarteatrodebonecos.com.br\/ciateatro\/index.php?rest_route=\/wp\/v2\/pages"}],"about":[{"href":"https:\/\/www.voarteatrodebonecos.com.br\/ciateatro\/index.php?rest_route=\/wp\/v2\/types\/page"}],"author":[{"embeddable":true,"href":"https:\/\/www.voarteatrodebonecos.com.br\/ciateatro\/index.php?rest_route=\/wp\/v2\/users\/1"}],"replies":[{"embeddable":true,"href":"https:\/\/www.voarteatrodebonecos.com.br\/ciateatro\/index.php?rest_route=%2Fwp%2Fv2%2Fcomments&post=1875"}],"version-history":[{"count":2,"href":"https:\/\/www.voarteatrodebonecos.com.br\/ciateatro\/index.php?rest_route=\/wp\/v2\/pages\/1875\/revisions"}],"predecessor-version":[{"id":1891,"href":"https:\/\/www.voarteatrodebonecos.com.br\/ciateatro\/index.php?rest_route=\/wp\/v2\/pages\/1875\/revisions\/1891"}],"wp:attachment":[{"href":"https:\/\/www.voarteatrodebonecos.com.br\/ciateatro\/index.php?rest_route=%2Fwp%2Fv2%2Fmedia&parent=1875"}],"curies":[{"name":"wp","href":"https:\/\/api.w.org\/{rel}","templated":true}]}}