{"id":182,"date":"2020-04-18T20:34:54","date_gmt":"2020-04-18T23:34:54","guid":{"rendered":"https:\/\/www.voarteatrodebonecos.com.br\/ciateatro\/?page_id=182"},"modified":"2020-04-18T21:28:15","modified_gmt":"2020-04-19T00:28:15","slug":"empreendedorismo","status":"publish","type":"page","link":"https:\/\/www.voarteatrodebonecos.com.br\/ciateatro\/?page_id=182","title":{"rendered":"Empreendedorismo"},"content":{"rendered":"\n<div class=\"wp-block-themeisle-blocks-advanced-columns has-1-columns has-desktop-equal-layout has-tablet-equal-layout has-mobile-equal-layout has-default-gap has-vertical-unset\" id=\"wp-block-themeisle-blocks-advanced-columns-7dbbae33\"><div class=\"wp-block-themeisle-blocks-advanced-columns-overlay\"><\/div><div class=\"innerblocks-wrap\">\n<div class=\"wp-block-themeisle-blocks-advanced-column\" id=\"wp-block-themeisle-blocks-advanced-column-ccb157b9\">\n<p style=\"text-align:left\">O curso de\nempreendedorismo \u00e9 uma oportunidade de desenvolver habilidades necess\u00e1rias para\no bom gerenciamento de ideas, recursos e pessoas. O curso \u00e9 voltado para\naquelas pessoas que buscam manter seus grupos de trabalho com uma boa\nestabilidade produtiva e com resultados financeiros satisfat\u00f3rios. Temas como:\no perfil do empreendedor, tipos de mercado e bens, como segmentar o p\u00fablico\nalvo, an\u00e1lise de produto, e outros temas que comp\u00f5em as decis\u00f5es di\u00e1rias de\nequipes de trabalho, s\u00e3o tratados com muita din\u00e2mica e an\u00e1lise de casos\nparticulares. O curso dura um m\u00eas, com encontros semanais. <\/p>\n\n\n\n<p>Investimento: R$ 50,00. Vagas\nsociais: 1 a cada 5 alunos.<\/p>\n<\/div>\n<\/div><\/div>\n","protected":false},"excerpt":{"rendered":"","protected":false},"author":1,"featured_media":99,"parent":0,"menu_order":0,"comment_status":"closed","ping_status":"closed","template":"","meta":{"ngg_post_thumbnail":0},"_links":{"self":[{"href":"https:\/\/www.voarteatrodebonecos.com.br\/ciateatro\/index.php?rest_route=\/wp\/v2\/pages\/182"}],"collection":[{"href":"https:\/\/www.voarteatrodebonecos.com.br\/ciateatro\/index.php?rest_route=\/wp\/v2\/pages"}],"about":[{"href":"https:\/\/www.voarteatrodebonecos.com.br\/ciateatro\/index.php?rest_route=\/wp\/v2\/types\/page"}],"author":[{"embeddable":true,"href":"https:\/\/www.voarteatrodebonecos.com.br\/ciateatro\/index.php?rest_route=\/wp\/v2\/users\/1"}],"replies":[{"embeddable":true,"href":"https:\/\/www.voarteatrodebonecos.com.br\/ciateatro\/index.php?rest_route=%2Fwp%2Fv2%2Fcomments&post=182"}],"version-history":[{"count":2,"href":"https:\/\/www.voarteatrodebonecos.com.br\/ciateatro\/index.php?rest_route=\/wp\/v2\/pages\/182\/revisions"}],"predecessor-version":[{"id":199,"href":"https:\/\/www.voarteatrodebonecos.com.br\/ciateatro\/index.php?rest_route=\/wp\/v2\/pages\/182\/revisions\/199"}],"wp:featuredmedia":[{"embeddable":true,"href":"https:\/\/www.voarteatrodebonecos.com.br\/ciateatro\/index.php?rest_route=\/wp\/v2\/media\/99"}],"wp:attachment":[{"href":"https:\/\/www.voarteatrodebonecos.com.br\/ciateatro\/index.php?rest_route=%2Fwp%2Fv2%2Fmedia&parent=182"}],"curies":[{"name":"wp","href":"https:\/\/api.w.org\/{rel}","templated":true}]}}