{"id":172,"date":"2020-04-18T20:31:22","date_gmt":"2020-04-18T23:31:22","guid":{"rendered":"https:\/\/www.voarteatrodebonecos.com.br\/ciateatro\/?page_id=172"},"modified":"2020-08-24T13:54:37","modified_gmt":"2020-08-24T16:54:37","slug":"consultorias","status":"publish","type":"page","link":"https:\/\/www.voarteatrodebonecos.com.br\/ciateatro\/?page_id=172","title":{"rendered":"Consultorias"},"content":{"rendered":"\n<div class=\"wp-block-themeisle-blocks-advanced-columns has-1-columns has-desktop-equal-layout has-tablet-equal-layout has-mobile-equal-layout has-default-gap has-vertical-unset\" id=\"wp-block-themeisle-blocks-advanced-columns-3711f99b\"><div class=\"wp-block-themeisle-blocks-advanced-columns-overlay\"><\/div><div class=\"innerblocks-wrap\">\n<div class=\"wp-block-themeisle-blocks-advanced-column\" id=\"wp-block-themeisle-blocks-advanced-column-307649bb\">\n<p><strong>Elabora\u00e7\u00e3o, produ\u00e7\u00e3o e presta\u00e7\u00e3o de contas de projetos culturais<\/strong>.<\/p>\n\n\n\n<p>Durante estes mais de 15 anos de atua\u00e7\u00e3o, o grupo Voar arte para a inf\u00e2ncia e juventude desenvolveu a expertise de capta\u00e7\u00e3o de recursos para a execu\u00e7\u00e3o de suas pe\u00e7as de teatro. Naturalmente, grupos pr\u00f3ximos buscavam aux\u00edlio, principalmente na figura do Mestre Marco Augusto. Desta maneira nasceu outra atividade desenvolvida pelo grupo: consultorias em elabora\u00e7\u00e3o de projetos socioculturais, na pr\u00e9-produ\u00e7\u00e3o, produ\u00e7\u00e3o e na presta\u00e7\u00e3o de contas. A nossa equipe coleta os recursos, ap\u00f3ia a produ\u00e7\u00e3o e colabora com a presta\u00e7\u00e3o de contas. Captamos em diversos formatos: governo, iniciativa privada e institui\u00e7\u00f5es parceiras. Se voc\u00ea possui alguma d\u00favida em como escrever e aprovar seu projeto para institui\u00e7\u00f5es financiadoras, <strong><a href=\"https:\/\/www.voarteatrodebonecos.com.br\/ciateatro\/?page_id=61\">entre em contato<\/a><\/strong> e vamos conversar sobre sua ideia! <\/p>\n<\/div>\n<\/div><\/div>\n","protected":false},"excerpt":{"rendered":"","protected":false},"author":1,"featured_media":59,"parent":0,"menu_order":0,"comment_status":"closed","ping_status":"closed","template":"","meta":{"ngg_post_thumbnail":0},"_links":{"self":[{"href":"https:\/\/www.voarteatrodebonecos.com.br\/ciateatro\/index.php?rest_route=\/wp\/v2\/pages\/172"}],"collection":[{"href":"https:\/\/www.voarteatrodebonecos.com.br\/ciateatro\/index.php?rest_route=\/wp\/v2\/pages"}],"about":[{"href":"https:\/\/www.voarteatrodebonecos.com.br\/ciateatro\/index.php?rest_route=\/wp\/v2\/types\/page"}],"author":[{"embeddable":true,"href":"https:\/\/www.voarteatrodebonecos.com.br\/ciateatro\/index.php?rest_route=\/wp\/v2\/users\/1"}],"replies":[{"embeddable":true,"href":"https:\/\/www.voarteatrodebonecos.com.br\/ciateatro\/index.php?rest_route=%2Fwp%2Fv2%2Fcomments&post=172"}],"version-history":[{"count":6,"href":"https:\/\/www.voarteatrodebonecos.com.br\/ciateatro\/index.php?rest_route=\/wp\/v2\/pages\/172\/revisions"}],"predecessor-version":[{"id":331,"href":"https:\/\/www.voarteatrodebonecos.com.br\/ciateatro\/index.php?rest_route=\/wp\/v2\/pages\/172\/revisions\/331"}],"wp:featuredmedia":[{"embeddable":true,"href":"https:\/\/www.voarteatrodebonecos.com.br\/ciateatro\/index.php?rest_route=\/wp\/v2\/media\/59"}],"wp:attachment":[{"href":"https:\/\/www.voarteatrodebonecos.com.br\/ciateatro\/index.php?rest_route=%2Fwp%2Fv2%2Fmedia&parent=172"}],"curies":[{"name":"wp","href":"https:\/\/api.w.org\/{rel}","templated":true}]}}