{"id":170,"date":"2020-04-18T20:30:38","date_gmt":"2020-04-18T23:30:38","guid":{"rendered":"https:\/\/www.voarteatrodebonecos.com.br\/ciateatro\/?page_id=170"},"modified":"2020-08-24T13:58:13","modified_gmt":"2020-08-24T16:58:13","slug":"audiovisual","status":"publish","type":"page","link":"https:\/\/www.voarteatrodebonecos.com.br\/ciateatro\/?page_id=170","title":{"rendered":"Audiovisual"},"content":{"rendered":"\n<div class=\"wp-block-themeisle-blocks-advanced-columns has-1-columns has-desktop-equal-layout has-tablet-equal-layout has-mobile-equal-layout has-default-gap has-vertical-unset\" id=\"wp-block-themeisle-blocks-advanced-columns-b7ae88f3\"><div class=\"wp-block-themeisle-blocks-advanced-columns-overlay\"><\/div><div class=\"innerblocks-wrap\">\n<div class=\"wp-block-themeisle-blocks-advanced-column\" id=\"wp-block-themeisle-blocks-advanced-column-819e5635\">\n<p style=\"text-align:left\">Nesse ano de 2020 come\u00e7ou a produ\u00e7\u00e3o do curta-metragem \u201cA princesa de Bambulu\u00e1\u201d. O curta ser\u00e1 interpretado por bonecos criados pela CIA VOAR DE TEATRO DE BONECOS, tem como proposta o estudo e a pr\u00e1tica do teatro de bonecos, levando em conta a sua tradi\u00e7\u00e3o milenar e inova\u00e7\u00f5es tecnol\u00f3gicas.\u00a0<\/p>\n\n\n\n<p>&nbsp;\u201cA PRINCESA DE BAMBULU\u00c1\u201d, j\u00e1 foi montada pela Cia Voar na linguagem teatral com sucesso de p\u00fablico e cr\u00edtica. Agora o presente projeto apresenta ao FAC a proposta de cria\u00e7\u00e3o de uma obra audiovisual do conto, utilizando os mesmos bonecos da produ\u00e7\u00e3o teatral, n\u00e3o se trata de grava\u00e7\u00e3o da pe\u00e7a, mas sim, uma releitura audiovisual da hist\u00f3ria. O curta ser\u00e1 direcionado ao p\u00fablico infantil.&nbsp;<br><\/p>\n\n\n\n<p>Na elabora\u00e7\u00e3o do roteiro ser\u00e3o explorados os desencontros amorosos entre Jo\u00e3o e a Princesa quando todas as for\u00e7as naturais e sobrenaturais conspiram contra o reencontro dos amantes. Cultivado e construindo pela oralidade popular, o conto \u201cA princesa de Bambulu\u00e1\u201d foi recolhido por Lu\u00eds da C\u00e2mara Cascudo no Rio Grande do Norte e narrado por Francisco Idelfonso conhecido como Chico Preto. Foi publicado no livro contos tradicionais do Brasil, \u00e9 classificado como um conto de encantamento no qual, o m\u00e1gico, o sobrenatural e o mal agouro, est\u00e3o presentes na narrativa. Esses elementos s\u00e3o componentes de extrema riqueza para composi\u00e7\u00e3o de uma dramaturgia criativa para anima\u00e7\u00e3o, possibilitando contar uma hist\u00f3ria rica em met\u00e1foras e simbolismo, uma aventura fant\u00e1stica com personagens expressivos e marcantes. Segundo C\u00e2mara Cascudo, \u201cRe\u00fane elementos de v\u00e1rios Contos europeus, numa sequ\u00eancia de epis\u00f3dios populares\u201d \u201cO narrador analfabeto, negro, contou-a muitas vezes, sem colabora\u00e7\u00e3o inconsciente\u201d.<br><\/p>\n\n\n\n<p>A concep\u00e7\u00e3o cenogr\u00e1fica vai ambientar a primeira parte da Hist\u00f3ria no sert\u00e3o Brasileiro com seus arqu\u00e9tipos o vaqueiro, o m\u00fasico das feiras, relacionando-os com os reis, rainhas e princesas de nossa raiz ib\u00e9rica de onde herdamos grande parte de nossos contos populares, o continente europeu ser\u00e1 representado na pe\u00e7a como o long\u00ednquo reino de Bambulu\u00e1 para onde Jo\u00e3o parte voando nas asas de um urubu para encontrar sua amada. Os elementos cenogr\u00e1ficos de primeiro plano ser\u00e3o confeccionados com mesmos materiais dos bonecos, l\u00e1tex, isopor e espuma de poliuretano. O cen\u00e1rio de fundo ser\u00e1 adicionado na digitalmente na p\u00f3s-produ\u00e7\u00e3o.<br><\/p>\n<\/div>\n<\/div><\/div>\n","protected":false},"excerpt":{"rendered":"","protected":false},"author":1,"featured_media":40,"parent":0,"menu_order":0,"comment_status":"closed","ping_status":"closed","template":"","meta":{"ngg_post_thumbnail":0},"_links":{"self":[{"href":"https:\/\/www.voarteatrodebonecos.com.br\/ciateatro\/index.php?rest_route=\/wp\/v2\/pages\/170"}],"collection":[{"href":"https:\/\/www.voarteatrodebonecos.com.br\/ciateatro\/index.php?rest_route=\/wp\/v2\/pages"}],"about":[{"href":"https:\/\/www.voarteatrodebonecos.com.br\/ciateatro\/index.php?rest_route=\/wp\/v2\/types\/page"}],"author":[{"embeddable":true,"href":"https:\/\/www.voarteatrodebonecos.com.br\/ciateatro\/index.php?rest_route=\/wp\/v2\/users\/1"}],"replies":[{"embeddable":true,"href":"https:\/\/www.voarteatrodebonecos.com.br\/ciateatro\/index.php?rest_route=%2Fwp%2Fv2%2Fcomments&post=170"}],"version-history":[{"count":6,"href":"https:\/\/www.voarteatrodebonecos.com.br\/ciateatro\/index.php?rest_route=\/wp\/v2\/pages\/170\/revisions"}],"predecessor-version":[{"id":1719,"href":"https:\/\/www.voarteatrodebonecos.com.br\/ciateatro\/index.php?rest_route=\/wp\/v2\/pages\/170\/revisions\/1719"}],"wp:featuredmedia":[{"embeddable":true,"href":"https:\/\/www.voarteatrodebonecos.com.br\/ciateatro\/index.php?rest_route=\/wp\/v2\/media\/40"}],"wp:attachment":[{"href":"https:\/\/www.voarteatrodebonecos.com.br\/ciateatro\/index.php?rest_route=%2Fwp%2Fv2%2Fmedia&parent=170"}],"curies":[{"name":"wp","href":"https:\/\/api.w.org\/{rel}","templated":true}]}}