{"id":165,"date":"2020-04-18T20:19:42","date_gmt":"2020-04-18T23:19:42","guid":{"rendered":"https:\/\/www.voarteatrodebonecos.com.br\/ciateatro\/?page_id=165"},"modified":"2020-04-19T10:34:14","modified_gmt":"2020-04-19T13:34:14","slug":"producao","status":"publish","type":"page","link":"https:\/\/www.voarteatrodebonecos.com.br\/ciateatro\/?page_id=165","title":{"rendered":"Produ\u00e7\u00e3o"},"content":{"rendered":"\n<p><strong>01.2.1.1 Tram\u00f3ias Para Enganar a Morte. Indica\u00e7\u00e3o: Livre para todas as idades<\/strong><\/p>\n\n\n\n<p>O espet\u00e1culo trata de forma bem-humorada, de um assunto que geralmente n\u00e3o se fala com as crian\u00e7as, a morte. A dramaturgia recorre aos contos populares que apresentam v\u00e1rias vers\u00f5es de personagens que utilizam artif\u00edcios criativos para enganar a morte e ganhar alguns anos de vida a mais ou at\u00e9 a imortalidade. O divino, o fant\u00e1stico e a ast\u00facia sempre est\u00e3o presentes na narrativa. Os protagonistas geralmente s\u00e3o anci\u00e3os que utilizam o conhecimento e a experi\u00eancia para se livrar do julgamento final.<\/p>\n\n\n\n<p><strong>01.2.1.2 Shakespeare de papel. Indica\u00e7\u00e3o: Livre para todas as idades<\/strong><\/p>\n\n\n\n<p>A pe\u00e7a do grupo Voar teatro de bonecos \u00e9 uma adapta\u00e7\u00e3o do texto \u201cSonhos de Uma Noite de Ver\u00e3o\u201d, obra de Shakespeare, a pe\u00e7a \u00e9 ambientada na Gr\u00e9cia m\u00edtica e conta-nos a hist\u00f3ria de seres \u00e9lficos e personagens mitol\u00f3gicos em encontros e desencontros amorosos, descrevendo a magia e a realidade em uma s\u00f3 dimens\u00e3o. Para contar a historia de Shakespeare o grupo Voar utiliza uma t\u00e9cnica pouco difundida no Brasil, o Teatro de Papel ou Teatro de Brinquedo, a t\u00e9cnica consiste em animar figuras de pap\u00e9is em um ambiente teatral em miniatura onde duas fadas s\u00e3o condutoras da hist\u00f3ria que acontece \u00e0s v\u00e9speras do casamento do her\u00f3i Teseu e Hip\u00f3lita a rainha das amazonas.<br><\/p>\n\n\n\n<p><strong>01.2.1.3 Os meninos verdes<\/strong><\/p>\n\n\n\n<p>A Cia. Voar de Teatro de Bonecos apresenta Os Meninos Verdes. Conta a hist\u00f3ria e a obra de Cora Coralina, autora goiana que irradia a beleza e o lirismo do cerrado e transmite valores da vida interiorana. Pe\u00e7a infantil adaptada do livro hom\u00f4nimo, conta a est\u00f3ria de duas plantinhas da onde come\u00e7am a brotar simp\u00e1ticas criaturinhas verdes. Conto l\u00fadico sobre a aceita\u00e7\u00e3o do desconhecido encenado por bonecos e atores. Os Meninos Verdes resulta num espet\u00e1culo de beleza pl\u00e1stica e conte\u00fado liter\u00e1rio, com cenas ricas em poesia visual, relacionadas com a experi\u00eancia da inf\u00e2ncia onde o l\u00fadico impera. A hist\u00f3ria original \u00e9 preservada em sua ess\u00eancia, rica em met\u00e1fora e simbolismo, narrando meninices, brincadeiras, espertezas, curiosidades e sonhos da Cora menina e das pequenas criaturas encontradas em seu jardim, provocando o exerc\u00edcio da imagina\u00e7\u00e3o e da fantasia.<br><\/p>\n\n\n\n<p><strong>01.2.1.4 O menino maluquinho<\/strong><\/p>\n\n\n\n<p>A adapta\u00e7\u00e3o feita por Marco Augusto mostra um contador de est\u00f3ria que se v\u00ea envolvido com as brincadeiras do menino, que foge do livro deixando as p\u00e1ginas em branco. A partir da\u00ed, se estabelece uma rela\u00e7\u00e3o de procura ao personagem para devolv\u00ea-lo ao livro, criando o conflito imprescind\u00edvel \u00e0 encena\u00e7\u00e3o. Enquanto isso o menino interage com seus amigos e com o contador de hist\u00f3rias. A grande motiva\u00e7\u00e3o para esta montagem \u00e9 a obra de Ziraldo, um dos autores Brasileiros mais lidos pelas crian\u00e7as. Levar O MENINO MALUQUINHO para o palco \u00e9 refor\u00e7ar a rela\u00e7\u00e3o livro e dramaturgia, uma parceria que muito contribuiu com o teatro mundial. O estilo liter\u00e1rio de Ziraldo aliado ao seu tra\u00e7o de cartunista \u00e9 rico em detalhes imaginativos e est\u00e9tica minimalista, criando v\u00e1rias possibilidades de anima\u00e7\u00e3o com bonecos permitindo compor um espet\u00e1culo de beleza e conte\u00fado liter\u00e1rio, com cenas ricas em poesia visual, relacionadas com a experi\u00eancia da inf\u00e2ncia onde impera o l\u00fadico.<br><\/p>\n\n\n\n<p><strong>01.2.1.5 O Inconfund\u00edvel Leonardo da Vinci<\/strong><\/p>\n\n\n\n<p>O Espet\u00e1culo \u201cO Inconfund\u00edvel Leonardo da Vinci\u201d \u00e9 o primeiro espet\u00e1culo adulto da Companhia Voar Teatro de Bonecos, com sua vis\u00e3o pr\u00f3pria de um dia na vida deste homem. Cen\u00e1rio, bonecos, adere\u00e7os e sonoplastia procuram retratar um ambiente inusitado com bom humor.<br><\/p>\n\n\n\n<p><strong>01.2.1.6 Jo\u00e3o e o p\u00e9 de feij\u00e3o<\/strong><\/p>\n\n\n\n<p>Um espet\u00e1culo solo em que Marco Augusto d\u00e1 vida a todos os personagens da hist\u00f3ria de Jo\u00e3o, um menino que, movido pela curiosidade, fantasia e ast\u00facia de toda crian\u00e7a, vence o gigante e acaba com a fome e a aridez do lugar onde mora, mudando seu destino e de sua fam\u00edlia. Um conto popular rico em simbolismo, uma aventura fant\u00e1stica e de elementos m\u00e1gicos: a semente que brota at\u00e9 o c\u00e9u, a galinha dos ovos de ouro, o terr\u00edvel gigante, a harpa encantada, tudo isso encenado com o encanto do teatro de bonecos.<br><\/p>\n\n\n\n<p><strong>01.2.1.7 Fam\u00edlia Bras\u00edlia<\/strong><\/p>\n\n\n\n<p>Dois personagens (bonecos), Brasilindo e Brasilinda, vindos do Cear\u00e1, desembarcam de avi\u00e3o em Bras\u00edlia. O objetivo da viagem \u00e9 reencontrar seus parentes que deixaram suas origens, acreditando que aqui teriam mais oportunidades de uma vida melhor. Querem entender por que seus parentes nunca voltaram e o que existe de t\u00e3o especial neste lugar. O espet\u00e1culo segue emocionante, atraente e muito divertido, pois acontece como um jogo de dados com a participa\u00e7\u00e3o das crian\u00e7as sobre uma grande colcha de retalhos em formato de avi\u00e3o, retratando a cidade. Ali acontece o passeio. Guiado por uma trilha sonora ao vivo, o espet\u00e1culo conta a hist\u00f3ria de Bras\u00edlia, passando por pontos tur\u00edsticos, a mistura de culturas, a efervesc\u00eancia art\u00edstica e todas as belezas da nossa capital.<br><\/p>\n\n\n\n<p><strong>01.2.1.8 Adivinha adivinh\u00e3o<\/strong><\/p>\n\n\n\n<p>Bonecos, cordel e repente contam causos populares, o espet\u00e1culo consiste em uma adapta\u00e7\u00e3o de um conto popular de Pedro Malasartes. A hist\u00f3ria mostra ao p\u00fablico o dia em que ele foi oferecer seus servi\u00e7os de adivinho na fazenda do coronel Bocalarga e desvenda o mist\u00e9rio do sumi\u00e7o das j\u00f3ias preciosas. A montagem utiliza a t\u00e9cnica de bonecos de luva e a narrativa \u00e9 inspirada na cultura popular do nordeste.<br><\/p>\n\n\n\n<p><strong>01.2.1.9 A princesa de Bambulu\u00e1<\/strong><\/p>\n\n\n\n<p>Um conto popular que fala dos desencontros amorosos entre Jo\u00e3o e a Princesa, quando todas as for\u00e7as naturais e sobrenaturais conspiram contra o reencontro dos enamorados. Cultivado e constru\u00eddo pela oralidade popular, o conto \u201cA Princesa de Bambulu\u00e1\u201d foi recolhido por Lu\u00eds da C\u00e2mara Cascudo no Rio Grande do Norte e narrado por Francisco Idelfonso, conhecido como Chico Preto. Foi publicado no livro \u201cContos Tradicionais do Brasil\u201d e \u00e9 classificado como um conto de encantamento onde o m\u00e1gico, o sobrenatural e o mal agouro est\u00e3o presentes na narrativa.<br><\/p>\n\n\n\n<p><strong>01.2.1.10 A incr\u00edvel viagem de pingo<\/strong><\/p>\n\n\n\n<p>A incr\u00edvel viagem de pingo mostra como um pingo d\u2019\u00e1gua viaja pelo mundo, come\u00e7ando pela fonte, passando pelos canos da cidade e voando em uma nuvem no estado gasoso. Durante o espet\u00e1culo os personagens alertam o p\u00fablico sobre a import\u00e2ncia do uso racional da \u00e1gua.<br><\/p>\n\n\n\n<p style=\"text-align:center\"><\/p>\n","protected":false},"excerpt":{"rendered":"<p>01.2.1.1 Tram\u00f3ias Para Enganar a Morte. Indica\u00e7\u00e3o: Livre para todas as idades O espet\u00e1culo trata de forma bem-humorada, de um assunto que geralmente n\u00e3o se fala com as crian\u00e7as, a morte. A dramaturgia recorre aos contos populares que apresentam v\u00e1rias vers\u00f5es de personagens que utilizam artif\u00edcios criativos para enganar a [&hellip;]<\/p>\n","protected":false},"author":1,"featured_media":204,"parent":0,"menu_order":0,"comment_status":"closed","ping_status":"closed","template":"","meta":{"ngg_post_thumbnail":0},"_links":{"self":[{"href":"https:\/\/www.voarteatrodebonecos.com.br\/ciateatro\/index.php?rest_route=\/wp\/v2\/pages\/165"}],"collection":[{"href":"https:\/\/www.voarteatrodebonecos.com.br\/ciateatro\/index.php?rest_route=\/wp\/v2\/pages"}],"about":[{"href":"https:\/\/www.voarteatrodebonecos.com.br\/ciateatro\/index.php?rest_route=\/wp\/v2\/types\/page"}],"author":[{"embeddable":true,"href":"https:\/\/www.voarteatrodebonecos.com.br\/ciateatro\/index.php?rest_route=\/wp\/v2\/users\/1"}],"replies":[{"embeddable":true,"href":"https:\/\/www.voarteatrodebonecos.com.br\/ciateatro\/index.php?rest_route=%2Fwp%2Fv2%2Fcomments&post=165"}],"version-history":[{"count":13,"href":"https:\/\/www.voarteatrodebonecos.com.br\/ciateatro\/index.php?rest_route=\/wp\/v2\/pages\/165\/revisions"}],"predecessor-version":[{"id":214,"href":"https:\/\/www.voarteatrodebonecos.com.br\/ciateatro\/index.php?rest_route=\/wp\/v2\/pages\/165\/revisions\/214"}],"wp:featuredmedia":[{"embeddable":true,"href":"https:\/\/www.voarteatrodebonecos.com.br\/ciateatro\/index.php?rest_route=\/wp\/v2\/media\/204"}],"wp:attachment":[{"href":"https:\/\/www.voarteatrodebonecos.com.br\/ciateatro\/index.php?rest_route=%2Fwp%2Fv2%2Fmedia&parent=165"}],"curies":[{"name":"wp","href":"https:\/\/api.w.org\/{rel}","templated":true}]}}